{"id":73183,"date":"2026-01-19T08:52:42","date_gmt":"2026-01-19T14:52:42","guid":{"rendered":"https:\/\/www.allseniorscare.com\/about-us-fr\/"},"modified":"2026-03-16T13:36:26","modified_gmt":"2026-03-16T18:36:26","slug":"a-propos","status":"publish","type":"page","link":"https:\/\/www.allseniorscare.com\/fr\/a-propos\/","title":{"rendered":"\u00c0 propos"},"content":{"rendered":"<div id=\"cs-content\" class=\"cs-content\"><\/div>\n","protected":false},"excerpt":{"rendered":"<p>Red\u00e9finir la vie \u00e0 la retraite Qui nous sommes Histoire de l\u2019Entreprise All Senior Cares est une organisation bien \u00e9tablie dans le secteur des r\u00e9sidences pour a\u00een\u00e9s et celle-ci est g\u00e9r\u00e9e par une des plus anciennes familles parmi les plus respect\u00e9es dans ce domaine. Les visionnaires derri\u00e8re All Seniors Care \u2013 la famille Kuhl (George Kuhl et ses fils Joshua\u2026<\/p>\n","protected":false},"author":1,"featured_media":0,"parent":0,"menu_order":0,"comment_status":"closed","ping_status":"closed","template":"template-blank-4.php","meta":{"_acf_changed":false,"footnotes":""},"class_list":["post-73183","page","type-page","status-publish","hentry","no-post-thumbnail"],"acf":[],"_links":{"self":[{"href":"https:\/\/www.allseniorscare.com\/fr\/wp-json\/wp\/v2\/pages\/73183","targetHints":{"allow":["GET"]}}],"collection":[{"href":"https:\/\/www.allseniorscare.com\/fr\/wp-json\/wp\/v2\/pages"}],"about":[{"href":"https:\/\/www.allseniorscare.com\/fr\/wp-json\/wp\/v2\/types\/page"}],"author":[{"embeddable":true,"href":"https:\/\/www.allseniorscare.com\/fr\/wp-json\/wp\/v2\/users\/1"}],"replies":[{"embeddable":true,"href":"https:\/\/www.allseniorscare.com\/fr\/wp-json\/wp\/v2\/comments?post=73183"}],"version-history":[{"count":22,"href":"https:\/\/www.allseniorscare.com\/fr\/wp-json\/wp\/v2\/pages\/73183\/revisions"}],"predecessor-version":[{"id":78039,"href":"https:\/\/www.allseniorscare.com\/fr\/wp-json\/wp\/v2\/pages\/73183\/revisions\/78039"}],"wp:attachment":[{"href":"https:\/\/www.allseniorscare.com\/fr\/wp-json\/wp\/v2\/media?parent=73183"}],"curies":[{"name":"wp","href":"https:\/\/api.w.org\/{rel}","templated":true}]}}