{"id":73412,"date":"2026-01-19T16:07:28","date_gmt":"2026-01-19T22:07:28","guid":{"rendered":"https:\/\/www.allseniorscare.com\/volunteer-here-fr\/"},"modified":"2026-03-16T12:47:28","modified_gmt":"2026-03-16T17:47:28","slug":"opportunite-de-benevolat","status":"publish","type":"page","link":"https:\/\/www.allseniorscare.com\/fr\/opportunite-de-benevolat\/","title":{"rendered":"Opportunit\u00e9 de b\u00e9n\u00e9volat"},"content":{"rendered":"<div id=\"cs-content\" class=\"cs-content\"><\/div>\n","protected":false},"excerpt":{"rendered":"<p>red\u00e9finir la vie \u00e0 la retraite Opportunit\u00e9 de b\u00e9n\u00e9volat Pourquoi faire du b\u00e9n\u00e9volat La grandeur du coeur d\u2019un b\u00e9n\u00e9vole ne se mesure pas selon sa grosseur, mais selon la profondeur de son engagement et les gestes qu\u2019il pose afin de faire une diff\u00e9rence dans la vie d\u2019autrui.\u201d Le b\u00e9n\u00e9volat est l\u2019opportunit\u00e9 id\u00e9ale d\u2019appuyer et \u00e9gayer la vie de votre prochain\u2026<\/p>\n","protected":false},"author":1,"featured_media":0,"parent":0,"menu_order":0,"comment_status":"closed","ping_status":"closed","template":"template-blank-4.php","meta":{"_acf_changed":false,"footnotes":""},"class_list":["post-73412","page","type-page","status-publish","hentry","no-post-thumbnail"],"acf":[],"_links":{"self":[{"href":"https:\/\/www.allseniorscare.com\/fr\/wp-json\/wp\/v2\/pages\/73412","targetHints":{"allow":["GET"]}}],"collection":[{"href":"https:\/\/www.allseniorscare.com\/fr\/wp-json\/wp\/v2\/pages"}],"about":[{"href":"https:\/\/www.allseniorscare.com\/fr\/wp-json\/wp\/v2\/types\/page"}],"author":[{"embeddable":true,"href":"https:\/\/www.allseniorscare.com\/fr\/wp-json\/wp\/v2\/users\/1"}],"replies":[{"embeddable":true,"href":"https:\/\/www.allseniorscare.com\/fr\/wp-json\/wp\/v2\/comments?post=73412"}],"version-history":[{"count":18,"href":"https:\/\/www.allseniorscare.com\/fr\/wp-json\/wp\/v2\/pages\/73412\/revisions"}],"predecessor-version":[{"id":78031,"href":"https:\/\/www.allseniorscare.com\/fr\/wp-json\/wp\/v2\/pages\/73412\/revisions\/78031"}],"wp:attachment":[{"href":"https:\/\/www.allseniorscare.com\/fr\/wp-json\/wp\/v2\/media?parent=73412"}],"curies":[{"name":"wp","href":"https:\/\/api.w.org\/{rel}","templated":true}]}}