{"id":73564,"date":"2026-01-07T14:54:42","date_gmt":"2026-01-07T20:54:42","guid":{"rendered":"https:\/\/www.allseniorscare.com\/home-fr\/"},"modified":"2026-03-13T12:40:58","modified_gmt":"2026-03-13T17:40:58","slug":"home-2","status":"publish","type":"page","link":"https:\/\/www.allseniorscare.com\/fr\/","title":{"rendered":"Accueil"},"content":{"rendered":"<div id=\"cs-content\" class=\"cs-content\"><\/div>\n","protected":false},"excerpt":{"rendered":"<p>r&eacute;sidences pour a&icirc;n&eacute;s All Seniors Care O&ugrave; votre bien-&ecirc;tre est notre priorit&eacute;.MDNotre nom est bien &eacute;tabli dans le domaine des r&eacute;sidences pour a&icirc;n&eacute;s. Nous sommes connus pour notre anciennet&eacute;, notre r&eacute;putation et notre notori&eacute;t&eacute; dans le domaine des r&eacute;sidences pour personnes &acirc;g&eacute;es.Visite guideeVoir toutes nos r\u00e9sidencesRed\u00e9finir la vie des seniors au Canada Alberta Manitoba Ontario Qu\u00e9bec Saskatchewan Senior Living Management\u2026<\/p>\n","protected":false},"author":1,"featured_media":0,"parent":0,"menu_order":0,"comment_status":"closed","ping_status":"closed","template":"template-blank-4.php","meta":{"_acf_changed":false,"footnotes":""},"class_list":["post-73564","page","type-page","status-publish","hentry","no-post-thumbnail"],"acf":[],"_links":{"self":[{"href":"https:\/\/www.allseniorscare.com\/fr\/wp-json\/wp\/v2\/pages\/73564","targetHints":{"allow":["GET"]}}],"collection":[{"href":"https:\/\/www.allseniorscare.com\/fr\/wp-json\/wp\/v2\/pages"}],"about":[{"href":"https:\/\/www.allseniorscare.com\/fr\/wp-json\/wp\/v2\/types\/page"}],"author":[{"embeddable":true,"href":"https:\/\/www.allseniorscare.com\/fr\/wp-json\/wp\/v2\/users\/1"}],"replies":[{"embeddable":true,"href":"https:\/\/www.allseniorscare.com\/fr\/wp-json\/wp\/v2\/comments?post=73564"}],"version-history":[{"count":38,"href":"https:\/\/www.allseniorscare.com\/fr\/wp-json\/wp\/v2\/pages\/73564\/revisions"}],"predecessor-version":[{"id":78020,"href":"https:\/\/www.allseniorscare.com\/fr\/wp-json\/wp\/v2\/pages\/73564\/revisions\/78020"}],"wp:attachment":[{"href":"https:\/\/www.allseniorscare.com\/fr\/wp-json\/wp\/v2\/media?parent=73564"}],"curies":[{"name":"wp","href":"https:\/\/api.w.org\/{rel}","templated":true}]}}